{"id":3279,"date":"2015-11-20T14:51:05","date_gmt":"2015-11-20T14:51:05","guid":{"rendered":"http:\/\/www.margit-hohenberger.de\/blog\/?page_id=3279"},"modified":"2015-11-20T14:51:05","modified_gmt":"2015-11-20T14:51:05","slug":"links","status":"publish","type":"page","link":"https:\/\/www.margit-hohenberger.de\/blog\/links\/","title":{"rendered":"Links"},"content":{"rendered":"<p><strong>Bitte beachten Sie!<\/strong> Hier finden Sie Links zu Freunden und Freundinnen und einigen<br \/> wichtigen Internetseiten. Aber Vorsicht: die Links und den Inhalt der Seiten habe ich sorgf&auml;ltig gepr&uuml;ft. Allerdings kann ich keine Gew&auml;hr &uuml;ber den Inhalt der verlinkten Internetseiten &uuml;bernehmen. <\/p>\n<h2>Freunde und Unterst\u00fctzer<\/h2>\n<ul>\n<li><a title=\"Irene Brandt - Naive Kunst\" href=\"http:\/\/www.irenebrandt.de\/\" rel=\"nofollow\">Irene Brandt &#8211; Naive Kunst<\/a><\/li>\n<li><a title=\"\u00d6lgem\u00e4lde\" href=\"http:\/\/www.toucanart.com\/de\/\" rel=\"nofollow\">\u00d6lgem\u00e4lde<\/a> Online Galerie<\/li>\n<li><a title=\"K\u00fcnstler Verzeichnis\" href=\"http:\/\/www.kuenstler4u.de\" rel=\"nofollow\">K\u00fcnstler Verzeichnis &#8211; Kunst und Kultur &#8211; Show &amp; Unterhaltung<\/a><\/li>\n<li><a title=\"David Kampfmeier und seine Kunst\" href=\"http:\/\/www.david-kampfmeier.de\/\" rel=\"nofollow\">David Kampfmeier david-kampfmeier.de<\/a><\/li>\n<li><a title=\"Foto AG Hof\" href=\"http:\/\/www.fotoag-hof.de\" rel=\"nofollow\">Foto AG Hof fotoag-hof.de<\/a><\/li>\n<li><a title=\"Galerie beim Roten Turm in Sommerhausen\" href=\"http:\/\/www.galerie-beim-roten-turm.de\/\" rel=\"nofollow\">Galerie beim Roten Turm, Sommerhausen<\/a><\/li>\n<li><a href=\"http:\/\/www.galerie-ketscher.de\/\" rel=\"nofollow\">Galerie Ketscher galerie-ketscher.de<\/a><\/li>\n<li><a href=\"http:\/\/www.gartenlinksammlung.de\/\">Gartenlinksammlung &#8211; das Portal f\u00fcr Gartenfreaks<\/a><\/li>\n<li><a title=\"Kulturatlas Oberfranken\" href=\"http:\/\/www.KulturatlasOberfranken.de\" rel=\"nofollow\">Kulturatlas Oberfranken kulturatlasoberfranken.de<\/a><\/li>\n<li><a title=\"R\u00fcdiger Sch\u00fctz Fotografie\" href=\"http:\/\/www.flickr.com\/photos\/da-011\" rel=\"nofollow\">R\u00fcdiger Sch\u00fctz, Fotografie (bei Flickr.com)<\/a><\/li>\n<li><a title=\"Runhild Laubmann\" href=\"http:\/\/www.laubmann-kunst.de\" rel=\"nofollow\">Runhild Laubmann laubmann-kunst.de<\/a><\/li>\n<li><a title=\"Tobias Ott Webdesign und Fotografie\" href=\"http:\/\/www.tobiasott.de\/\"> Tobias Ott Webdesign und Fotografie tobiasott.de<\/a><\/li>\n<\/ul>\n","protected":false},"excerpt":{"rendered":"<p>Bitte beachten Sie! Hier finden Sie Links zu Freunden und Freundinnen und einigen wichtigen Internetseiten. Aber Vorsicht: die Links und den Inhalt der Seiten habe ich sorgf&auml;ltig gepr&uuml;ft. Allerdings kann ich keine Gew&auml;hr &uuml;ber den Inhalt der verlinkten Internetseiten &uuml;bernehmen. Freunde und Unterst\u00fctzer Irene Brandt &#8211; Naive Kunst \u00d6lgem\u00e4lde Online Galerie K\u00fcnstler Verzeichnis &#8211; Kunst und Kultur &#8211; Show &amp; Unterhaltung David Kampfmeier david-kampfmeier.de Foto AG Hof fotoag-hof.de Galerie beim Roten Turm, Sommerhausen Galerie Ketscher galerie-ketscher.de Gartenlinksammlung &#8211; das Portal&#8230;<\/p>\n<p class=\"read-more\"><a class=\"btn btn-default\" href=\"https:\/\/www.margit-hohenberger.de\/blog\/links\/\">Weiterlesen<span class=\"screen-reader-text\"> Weiterlesen<\/span><\/a><\/p>\n","protected":false},"author":3,"featured_media":0,"parent":0,"menu_order":0,"comment_status":"closed","ping_status":"closed","template":"","meta":{"footnotes":""},"class_list":["post-3279","page","type-page","status-publish","hentry"],"aioseo_notices":[],"_links":{"self":[{"href":"https:\/\/www.margit-hohenberger.de\/blog\/wp-json\/wp\/v2\/pages\/3279","targetHints":{"allow":["GET"]}}],"collection":[{"href":"https:\/\/www.margit-hohenberger.de\/blog\/wp-json\/wp\/v2\/pages"}],"about":[{"href":"https:\/\/www.margit-hohenberger.de\/blog\/wp-json\/wp\/v2\/types\/page"}],"author":[{"embeddable":true,"href":"https:\/\/www.margit-hohenberger.de\/blog\/wp-json\/wp\/v2\/users\/3"}],"replies":[{"embeddable":true,"href":"https:\/\/www.margit-hohenberger.de\/blog\/wp-json\/wp\/v2\/comments?post=3279"}],"version-history":[{"count":0,"href":"https:\/\/www.margit-hohenberger.de\/blog\/wp-json\/wp\/v2\/pages\/3279\/revisions"}],"wp:attachment":[{"href":"https:\/\/www.margit-hohenberger.de\/blog\/wp-json\/wp\/v2\/media?parent=3279"}],"curies":[{"name":"wp","href":"https:\/\/api.w.org\/{rel}","templated":true}]}}