{"id":8,"date":"2008-12-20T10:41:17","date_gmt":"2008-12-20T10:41:17","guid":{"rendered":"http:\/\/margithohenberger.wordpress.com\/?page_id=8"},"modified":"2016-09-11T09:47:31","modified_gmt":"2016-09-11T09:47:31","slug":"raku","status":"publish","type":"page","link":"https:\/\/www.margit-hohenberger.de\/blog\/raku\/","title":{"rendered":"Raku"},"content":{"rendered":"<p>Im 16. Jahrhundert wurde in Japan f\u00fcr Keramik Teeschalen die bei der japanischen Teezeremonie verwendet wurden, eine spezielle Brenntechnik entwickelt: Raku.<\/p>\n<p>Raku hei\u00dft w\u00f6rtlich \u00fcbersetzt: &#8222;Freude an der Mu\u00dfe&#8220;. Bei dieser Keramik Technik wird beim Glasurbrand die gl\u00fchende Keramik bei ca. 1000 Grad Celsius mit einer Zange aus dem speziellen Raku-Ofen genommen.<\/p>\n<p>[blog articles=&#8220;4&#8243; button_text=&#8220;Mehr Raku-Keramik&#8220; button_url=&#8220;https:\/\/www.margit-hohenberger.de\/blog\/category\/raku-keramik\/&#8220; style=&#8220;masonry&#8220; button_style=&#8220;solid&#8220; button_color=&#8220;grey&#8220; category=&#8220;raku-keramik&#8220;]<\/p>\n<p>Nach kurzem Abk\u00fchlen an der Luft wird das St\u00fcck, die Keramik Figur oder Skulptur\u00a0in einen mit S\u00e4gesp\u00e4nen gef\u00fcllten Beh\u00e4lter eingebettet. Beim Abk\u00fchlen an der Luft entsteht das so genannte Craqu\u00e9le, ein Ri\u00dfnetz in der Glasur. W\u00e4hrend des R\u00e4ucherns im Beh\u00e4lter lagert sich dann Kohlenstoff in den Rissen und unglasierten Teilen ein.Dies ergibt die f\u00fcr Rakukeramik charakteristischen Linien.<\/p>\n<h2>Raku Krakelle (Craquelle) &#8211; Oberfl\u00e4chen<\/h2>\n<p>[custom_carousel autoplay=&#8220;5000&#8243;]<br \/>\n[carousel_item]<img decoding=\"async\" src=\"https:\/\/www.margit-hohenberger.de\/blog\/wp-content\/uploads\/2016\/08\/raku-glasur-krakelee-klassisch.jpg\" alt=\"Klassischs Raku Krakellee\" \/>&nbsp;&nbsp;Klassisches Raku Krakelle[\/carousel_item]<br \/>\n[carousel_item]<img decoding=\"async\" src=\"https:\/\/www.margit-hohenberger.de\/blog\/wp-content\/uploads\/2016\/08\/raku-krakelee-zart-gruen.jpg\" alt=\"Zarter Hauch von Gr\u00fcn in der Glasur\" \/>&nbsp;&nbsp;Zarter Hauch von Gr\u00fcn in der Glasur[\/carousel_item]<br \/>\n[carousel_item]<img decoding=\"async\" src=\"https:\/\/www.margit-hohenberger.de\/blog\/wp-content\/uploads\/2016\/08\/raku-craquele-gruen-rot.jpg\" alt=\"Kupfer in der Glasur - reduziert\" \/>&nbsp;&nbsp;Reduzierter Kupfer in der Glasur[\/carousel_item]<br \/>\n[carousel_item]<img decoding=\"async\" src=\"https:\/\/www.margit-hohenberger.de\/blog\/wp-content\/uploads\/2016\/08\/raku-reduziert-gebrannt.jpg\" alt=\"Raku ohne Glasur - reduziert mit geheimen Zutaten\" \/>&nbsp;&nbsp;Raku ohne Glasur &#8211; reduziert mit geheimen Zutaten[\/carousel_item]<br \/>\n[\/custom_carousel]<\/p>\n<h2>Buchtipp zur Brenntechnik<\/h2>\n<article id=\"post-806\" class=\"clear-after post-806 post type-post status-publish format-standard has-post-thumbnail hentry category-buecher\">\n<div class=\"column three\">\n<figure>\n<a href=\"https:\/\/www.margit-hohenberger.de\/blog\/tim-andrews-raku-keramik-buch-und-video\/\"><br \/>\n<img loading=\"lazy\" decoding=\"async\" src=\"https:\/\/www.margit-hohenberger.de\/blog\/wp-content\/uploads\/2011\/03\/Tim-Andrews-Raku-Titel-640x640.jpg\" width=\"640\" height=\"640\" class=\"attachment-thumb-640-640 wp-post-image\" alt=\"Tim Andrews: Raku\"><br \/>\n<\/a><br \/>\n<\/figure>\n<\/div>\n<div class=\"column nine last\">\n<h3><a href=\"https:\/\/www.margit-hohenberger.de\/blog\/tim-andrews-raku-keramik-buch-und-video\/\" rel=\"bookmark\">Tim Andrews: Rakukeramik Buch und Video<\/a><\/h3>\n<div class=\"entry-content\">\n<p>Tim Andrews kommt auf den Punkt und erl\u00e4utert sehr anschaulich die Brenntechnik. Reich an Bildern und aussagekr\u00e4ftigen Texten ist dieses Buch wirklich ein Genuss f\u00fcr Keramiker.<\/p>\n<\/div>\n<\/article>\n<h2>Aus der Raku Geschichte<\/h2>\n<p>Raku geht zur\u00fcck auf den japanischen T\u00f6pfer Chijiro. Im Jahr 1580 war er allen Geschichtsforschungen nach der erste, der diese Form von Keramik produzierte. Es k\u00f6nnte aber auch sein, dass er diese Brenntechnik von seinem Vater Ameya, einem koreanischen T\u00f6pfer \u00fcbernommen hat. Ameya \u00fcbersiedelte nach Japan, lebte und arbeitete in Kyoto. Gehen wir aber davon aus, dass Chijiro der Erfinder von Raku ist. Er hat den Niedrigbrand entwickelt bei dem die St\u00fccke bei voller Temperatur aus dem Feuer genommen werden und im Freien abk\u00fchlen. <\/p>\n<p>Seine Arbeiten und auch die Brenntechnik wurden vom Publikum sehr gut aufgenommen, besonders die Anh\u00e4nger der Teezeremonie sch\u00e4tzten seine Raku-Keramik Tassen und Kannen.<\/p>\n","protected":false},"excerpt":{"rendered":"<p>Im 16. Jahrhundert wurde in Japan f\u00fcr Keramik Teeschalen die bei der japanischen Teezeremonie verwendet wurden, eine spezielle Brenntechnik entwickelt: Raku. Raku hei\u00dft w\u00f6rtlich \u00fcbersetzt: &#8222;Freude an der Mu\u00dfe&#8220;. Bei dieser Keramik Technik wird beim Glasurbrand die gl\u00fchende Keramik bei ca. 1000 Grad Celsius mit einer Zange aus dem speziellen Raku-Ofen genommen. [blog articles=&#8220;4&#8243; button_text=&#8220;Mehr Raku-Keramik&#8220; button_url=&#8220;https:\/\/www.margit-hohenberger.de\/blog\/category\/raku-keramik\/&#8220; style=&#8220;masonry&#8220; button_style=&#8220;solid&#8220; button_color=&#8220;grey&#8220; category=&#8220;raku-keramik&#8220;] Nach kurzem Abk\u00fchlen an der Luft wird das St\u00fcck, die Keramik Figur oder Skulptur\u00a0in einen mit S\u00e4gesp\u00e4nen gef\u00fcllten Beh\u00e4lter&#8230;<\/p>\n<p class=\"read-more\"><a class=\"btn btn-default\" href=\"https:\/\/www.margit-hohenberger.de\/blog\/raku\/\">Weiterlesen<span class=\"screen-reader-text\"> Weiterlesen<\/span><\/a><\/p>\n","protected":false},"author":2,"featured_media":0,"parent":0,"menu_order":0,"comment_status":"closed","ping_status":"closed","template":"","meta":{"footnotes":""},"class_list":["post-8","page","type-page","status-publish","hentry"],"aioseo_notices":[],"_links":{"self":[{"href":"https:\/\/www.margit-hohenberger.de\/blog\/wp-json\/wp\/v2\/pages\/8","targetHints":{"allow":["GET"]}}],"collection":[{"href":"https:\/\/www.margit-hohenberger.de\/blog\/wp-json\/wp\/v2\/pages"}],"about":[{"href":"https:\/\/www.margit-hohenberger.de\/blog\/wp-json\/wp\/v2\/types\/page"}],"author":[{"embeddable":true,"href":"https:\/\/www.margit-hohenberger.de\/blog\/wp-json\/wp\/v2\/users\/2"}],"replies":[{"embeddable":true,"href":"https:\/\/www.margit-hohenberger.de\/blog\/wp-json\/wp\/v2\/comments?post=8"}],"version-history":[{"count":0,"href":"https:\/\/www.margit-hohenberger.de\/blog\/wp-json\/wp\/v2\/pages\/8\/revisions"}],"wp:attachment":[{"href":"https:\/\/www.margit-hohenberger.de\/blog\/wp-json\/wp\/v2\/media?parent=8"}],"curies":[{"name":"wp","href":"https:\/\/api.w.org\/{rel}","templated":true}]}}